{"id":11824,"date":"2017-10-18T10:18:48","date_gmt":"2017-10-18T10:18:48","guid":{"rendered":"http:\/\/gt3demo.com\/wp\/listingeasy\/?page_id=11824"},"modified":"2017-10-18T10:18:48","modified_gmt":"2017-10-18T10:18:48","slug":"listings-with-map","status":"publish","type":"page","link":"https:\/\/www.reklands.xyz\/index.php\/listings-with-map\/","title":{"rendered":"Listings with Map"},"content":{"rendered":"<div class=\"job_listings\" data-location=\"\" data-keywords=\"\" data-show_filters=\"true\" data-show_pagination=\"false\" data-per_page=\"10\" data-orderby=\"featured\" data-order=\"DESC\" data-categories=\"\" data-disable-form-state-storage=\"\" data-featured_first=\"false\" data-post_id=\"11824\" ><div class=\"gt3_listing_with_map\"><div class=\"gt3_listing_part\" data-load-btn-text=\"Load More\">\r\n\t<form class=\"job_filters\">\r\n\t\t\t\t<a href=\"#\" class=\"map_find_me\"><\/a>\r\n\t\t<div class=\"search_jobs\">\r\n\t\t\t\t\t\t<div class=\"search_keywords\">\r\n\t\t\t\t<input type=\"hidden\" name=\"search_keywords\" id=\"search_keywords\" value=\"\" placeholder=\"Keywords\"\/>\r\n\t\t\t<\/div>\r\n\r\n\t\t\t<div class=\"search_location\">\r\n\t\t\t\t<label for=\"search_location\">Location<\/label>\r\n\t\t\t\t\t\t\t\t\t<input type=\"text\" name=\"search_location\" id=\"search_location\"  placeholder=\"Location\" value=\"\" \/>\r\n\t\t\t\t\t\t\t<\/div>\r\n\r\n\t\t\t<div class=\"select-categories\">\r\n\t\t\t\t\r\n\t\t\t\t\t<div class=\"search_categories\">\r\n\t\t\t\t\t\t<label for=\"search_categories\">Category<\/label>\r\n\t\t\t\t\t\t<select name='search_categories[]' id='search_categories' class='job-manager-category-dropdown '  data-placeholder='Any Category' data-no_results_text='Herhangi Bir E\u015fle\u015fme Bulunamad\u0131' data-multiple_text='Baz\u0131 Ayarlar\u0131 Se\u00e7in'>\n<option value=\"\">Any Category<\/option>\t<option class=\"level-0\" value=\"38\">Entertainment<\/option>\n\t<option class=\"level-1\" value=\"58\">&nbsp;&nbsp;&nbsp;Cinema<\/option>\n\t<option class=\"level-0\" value=\"39\">Food &amp; Drink<\/option>\n\t<option class=\"level-0\" value=\"40\">Hotel &amp; Hostel<\/option>\n\t<option class=\"level-0\" value=\"47\">OutDoor<\/option>\n\t<option class=\"level-0\" value=\"48\">Parking<\/option>\n\t<option class=\"level-0\" value=\"51\">Shop &amp; Store<\/option>\n<\/select>\n\t\t\t\t\t<\/div>\r\n\r\n\t\t\t\t\t\t\t<\/div><!-- .select-categories -->\r\n\t\t\t\t\t<\/div><!-- .search_jobs -->\r\n\t\t<div class=\"active-tags\"><\/div>\r\n\r\n\t\t<div class=\"gt3_mobile_tags_wrapper\">\r\n\t\t\t\r\n\t\t\t<div class=\"gt3_mobile_buttons\">\r\n\t\t\t\t<button class=\"btn_filter\">Filter listings<\/button>\r\n\t\t\t\t<button class=\"btn_view\">Show\/Hide Map<\/button>\r\n\t\t\t<\/div>\r\n\t\t<\/div>\r\n\r\n\t\t\t\t\t<div class=\"gps_range\" id=\"gps_range\">\r\n\t\t\t\t<div class=\"gps_range_wrapper\">\r\n\t\t\t\t\t<div class=\"gps_range_vars\">Radius: <span class=\"current_range\"><\/span><\/div>\r\n\t\t\t\t\t<div class=\"gps_type_wrap\">\r\n\t\t\t\t\t\t<label>\r\n\t\t\t\t\t\t\t<input type=\"radio\" name=\"gps_type\" value=\"km\"  \/> KM\r\n\t\t\t\t\t\t<\/label>\r\n\t\t\t\t\t\t<label>\r\n\t\t\t\t\t\t\t<input type=\"radio\" name=\"gps_type\" value=\"mi\" checked=\"checked\" \/> MI\r\n\t\t\t\t\t\t<\/label>\r\n\t\t\t\t\t<\/div>\r\n\t\t\t\t\t<div class=\"gps_range_slider\">\r\n\t\t\t\t\t\t<input type=\"range\"\r\n\t\t\t\t\t\t\t   min=\"1\"\r\n\t\t\t\t\t\t\t   max=\"10\"\r\n\t\t\t\t\t\t\t   step=\"0.1\"\r\n\t\t\t\t\t\t\t   name=\"gps_range\"\r\n\t\t\t\t\t\t\t   value=\"3\"\r\n\t\t\t\t\t\t\/>\r\n\t\t\t\t\t<\/div>\r\n\t\t\t\t<\/div>\r\n\t\t\t<\/div>\r\n\t\t\t\t<ul class=\"job_types\">\r\n\t\t\t\t\t<li><label for=\"job_type_freelance\" class=\"freelance\"><input type=\"checkbox\" name=\"filter_job_type[]\" value=\"freelance\"  checked='checked' id=\"job_type_freelance\" \/> Freelance<\/label><\/li>\r\n\t\t\t\t\t<li><label for=\"job_type_full-time\" class=\"full-time\"><input type=\"checkbox\" name=\"filter_job_type[]\" value=\"full-time\"  checked='checked' id=\"job_type_full-time\" \/> Full Time<\/label><\/li>\r\n\t\t\t\t\t<li><label for=\"job_type_internship\" class=\"internship\"><input type=\"checkbox\" name=\"filter_job_type[]\" value=\"internship\"  checked='checked' id=\"job_type_internship\" \/> Internship<\/label><\/li>\r\n\t\t\t\t\t<li><label for=\"job_type_part-time\" class=\"part-time\"><input type=\"checkbox\" name=\"filter_job_type[]\" value=\"part-time\"  checked='checked' id=\"job_type_part-time\" \/> Part Time<\/label><\/li>\r\n\t\t\t\t\t<li><label for=\"job_type_temporary\" class=\"temporary\"><input type=\"checkbox\" name=\"filter_job_type[]\" value=\"temporary\"  checked='checked' id=\"job_type_temporary\" \/> Temporary<\/label><\/li>\r\n\t\t\t<\/ul>\r\n\t<input type=\"hidden\" name=\"filter_job_type[]\" value=\"\" \/>\r\n<div class=\"showing_jobs\"><\/div>\r\n\t<\/form><!-- .job_filter -->\r\n\r\n\t\r\n<div class=\"grid list job_listings\">\r\n<\/div><!-- .grid.list.job_listings -->\r\n\r\n<a class=\"load_more_jobs\" href=\"#\" style=\"display:none;\"><strong>Daha fazla ilan<\/strong><\/a><\/div><div class=\"gt3_map_part\"><div class=\"gt3_map_wrapper_container\"><div id=\"map\" class=\"map\"><\/div><\/div><\/div><div class=\"pin_map_mapker_svg\"><svg xmlns=\"http:\/\/www.w3.org\/2000\/svg\" width=\"50\" height=\"65\" viewBox=\"0 0 50 65\">\r\n    <g transform=\"translate(0.000000,65.000000) scale(0.100000,-0.100000)\" fill=\"#000000\" stroke=\"none\">\r\n        <path d=\"M166 636 c-142 -53 -200 -201 -132 -339 29 -61 157 -238 194 -271 22 -19 22 -19 44 0 37 33 165 210 194 271 65 131 21 262 -109 330 -43 22 -143 27 -191 9z\"\/>\r\n    <\/g>\r\n<\/svg><\/div><\/div><\/div>\n","protected":false},"excerpt":{"rendered":"Location Category Any Category Entertainment &nbsp;&nbsp;&nbsp;Cinema Food &amp; Drink Hotel &amp; Hostel OutDoor Parking Shop &amp; Store Filter listings Show\/Hide Map Radius: KM MI Freelance Full Time Internship Part Time Temporary Daha fazla ilan","protected":false},"author":1,"featured_media":0,"parent":0,"menu_order":0,"comment_status":"closed","ping_status":"closed","template":"","meta":{"footnotes":""},"class_list":["post-11824","page","type-page","status-publish","hentry"],"_links":{"self":[{"href":"https:\/\/www.reklands.xyz\/index.php\/wp-json\/wp\/v2\/pages\/11824","targetHints":{"allow":["GET"]}}],"collection":[{"href":"https:\/\/www.reklands.xyz\/index.php\/wp-json\/wp\/v2\/pages"}],"about":[{"href":"https:\/\/www.reklands.xyz\/index.php\/wp-json\/wp\/v2\/types\/page"}],"author":[{"embeddable":true,"href":"https:\/\/www.reklands.xyz\/index.php\/wp-json\/wp\/v2\/users\/1"}],"replies":[{"embeddable":true,"href":"https:\/\/www.reklands.xyz\/index.php\/wp-json\/wp\/v2\/comments?post=11824"}],"version-history":[{"count":0,"href":"https:\/\/www.reklands.xyz\/index.php\/wp-json\/wp\/v2\/pages\/11824\/revisions"}],"wp:attachment":[{"href":"https:\/\/www.reklands.xyz\/index.php\/wp-json\/wp\/v2\/media?parent=11824"}],"curies":[{"name":"wp","href":"https:\/\/api.w.org\/{rel}","templated":true}]}}